{"id":644,"date":"2026-01-29T12:31:33","date_gmt":"2026-01-29T12:31:33","guid":{"rendered":"https:\/\/marylove.de\/?page_id=644"},"modified":"2026-04-20T11:54:03","modified_gmt":"2026-04-20T11:54:03","slug":"about-mary","status":"publish","type":"page","link":"https:\/\/marylove.de\/index.php\/about-mary\/","title":{"rendered":"ABOUT MARY"},"content":{"rendered":"\t\t<div data-elementor-type=\"wp-page\" data-elementor-id=\"644\" class=\"elementor elementor-644\">\n\t\t\t\t\t\t<section class=\"elementor-section elementor-top-section elementor-element elementor-element-2886434 elementor-section-boxed elementor-section-height-default elementor-section-height-default\" data-id=\"2886434\" data-element_type=\"section\">\n\t\t\t\t\t\t<div class=\"elementor-container elementor-column-gap-default\">\n\t\t\t\t\t<div class=\"elementor-column elementor-col-100 elementor-top-column elementor-element elementor-element-7e94c16\" data-id=\"7e94c16\" data-element_type=\"column\">\n\t\t\t<div class=\"elementor-widget-wrap elementor-element-populated\">\n\t\t\t\t\t\t<section class=\"elementor-section elementor-inner-section elementor-element elementor-element-b02efac elementor-section-boxed elementor-section-height-default elementor-section-height-default\" data-id=\"b02efac\" data-element_type=\"section\">\n\t\t\t\t\t\t<div class=\"elementor-container elementor-column-gap-default\">\n\t\t\t\t\t<div class=\"elementor-column elementor-col-50 elementor-inner-column elementor-element elementor-element-4c1cf90\" data-id=\"4c1cf90\" data-element_type=\"column\">\n\t\t\t<div class=\"elementor-widget-wrap elementor-element-populated\">\n\t\t\t\t\t\t<div class=\"elementor-element elementor-element-8157250 elementor-widget elementor-widget-text-editor\" data-id=\"8157250\" data-element_type=\"widget\" data-widget_type=\"text-editor.default\">\n\t\t\t\t<div class=\"elementor-widget-container\">\n\t\t\t\t\t\t\t\t\t<p>About mary<\/p>\t\t\t\t\t\t\t\t<\/div>\n\t\t\t\t<\/div>\n\t\t\t\t\t<\/div>\n\t\t<\/div>\n\t\t\t\t<div class=\"elementor-column elementor-col-50 elementor-inner-column elementor-element elementor-element-25f2a2a\" data-id=\"25f2a2a\" data-element_type=\"column\">\n\t\t\t<div class=\"elementor-widget-wrap elementor-element-populated\">\n\t\t\t\t\t\t<div class=\"elementor-element elementor-element-07505ef elementor-widget elementor-widget-image\" data-id=\"07505ef\" data-element_type=\"widget\" data-widget_type=\"image.default\">\n\t\t\t\t<div class=\"elementor-widget-container\">\n\t\t\t\t\t\t\t\t\t\t\t\t\t\t\t<img fetchpriority=\"high\" decoding=\"async\" width=\"800\" height=\"798\" src=\"https:\/\/marylove.de\/wp-content\/uploads\/2026\/04\/1000048023-1-1024x1021.jpg\" class=\"attachment-large size-large wp-image-1010\" alt=\"\" srcset=\"https:\/\/marylove.de\/wp-content\/uploads\/2026\/04\/1000048023-1-1024x1021.jpg 1024w, https:\/\/marylove.de\/wp-content\/uploads\/2026\/04\/1000048023-1-300x300.jpg 300w, https:\/\/marylove.de\/wp-content\/uploads\/2026\/04\/1000048023-1-150x150.jpg 150w, https:\/\/marylove.de\/wp-content\/uploads\/2026\/04\/1000048023-1-768x765.jpg 768w, https:\/\/marylove.de\/wp-content\/uploads\/2026\/04\/1000048023-1.jpg 1220w\" sizes=\"(max-width: 800px) 100vw, 800px\" \/>\t\t\t\t\t\t\t\t\t\t\t\t\t\t\t<\/div>\n\t\t\t\t<\/div>\n\t\t\t\t\t<\/div>\n\t\t<\/div>\n\t\t\t\t\t<\/div>\n\t\t<\/section>\n\t\t\t\t\t<\/div>\n\t\t<\/div>\n\t\t\t\t\t<\/div>\n\t\t<\/section>\n\t\t\t\t<section class=\"elementor-section elementor-top-section elementor-element elementor-element-64c8299 elementor-section-boxed elementor-section-height-default elementor-section-height-default\" data-id=\"64c8299\" data-element_type=\"section\">\n\t\t\t\t\t\t<div class=\"elementor-container elementor-column-gap-default\">\n\t\t\t\t\t<div class=\"elementor-column elementor-col-100 elementor-top-column elementor-element elementor-element-40a2668\" data-id=\"40a2668\" data-element_type=\"column\">\n\t\t\t<div class=\"elementor-widget-wrap elementor-element-populated\">\n\t\t\t\t\t\t<div class=\"elementor-element elementor-element-0d44c14 elementor-widget elementor-widget-text-editor\" data-id=\"0d44c14\" data-element_type=\"widget\" data-widget_type=\"text-editor.default\">\n\t\t\t\t<div class=\"elementor-widget-container\">\n\t\t\t\t\t\t\t\t\t<p>Hinter Mary Love steht die Berliner K\u00fcnstlerin Marie Faust. Sie erschafft mit feinem Gesp\u00fcr f\u00fcr Menschen und Momente Shows, die verbinden \u2013 mal wild, mal poetisch, immer mit Herz.\u00a0 F\u00fcr Kinder, f\u00fcr Erwachsene, f\u00fcr alle, die sich gern verzaubern lassen.<\/p><p>Ihre St\u00e4rke liegt besonders im lebendigen Austausch mit dem Publikum: Sie liebt den direkten Kontakt, improvisiert mit Hingabe und bringt Menschen zum Lachen, Staunen und Mitf\u00fchlen. Diese Mischung aus Humor und Spielfreude pr\u00e4gt nicht nur ihre clownesken Auftritte, sondern auch ihre kreativen Moderationen unterschiedlichster Formate. Ob als Moderatorin, Walking Act, Clownin oder Zauberin \u2013 Marie zieht die Zuschauer*innen mit Charme, Witz und Spontanit\u00e4t in ihren Bann.<\/p><p>Neben ihren Auftritten ist Marie Faust auch hinter den Kulissen aktiv: Sie war an der Konzeption und Gestaltung zahlreicher Produktionen und Formate beteiligt. Ihre kreative Handschrift zeigt sich in fantasievollen Kost\u00fcmkreationen, originellen Spezialeffekten und liebevoll gestalteten Requisiten.<\/p><p>Ihre Performances spiegeln ihre vielseitigen Talente wider: Clownerie, Zauberei, Malerei, Rollschuhlaufen, Spezialeffekte \u2013 sie vereint darstellende und bildnerische Kunst auf ganz eigene Weise und liebt das kreative Spiel mit dem \u201ekontrollierten Chaos\u201c.<\/p><p>Gepr\u00e4gt durch ihr Studium an der Kunsthochschule Burg Giebichenstein sowie durch internationale Weiterbildungen in Clownerie, Theater und Zauberei (u.a. in Deutschland, Spanien, Italien, Frankreich und \u00d6sterreich), sch\u00f6pft sie aus einem breiten k\u00fcnstlerischen Erfahrungsschatz.<\/p><p>Neben ihrer B\u00fchnenarbeit ist Marie Faust auch als freischaffende Theaterp\u00e4dagogin t\u00e4tig. Sie ist eine Mitbegr\u00fcnderin des freien Kinder- und Jugend-Theaterprojekts &#8222;Die Gr\u00fcne B\u00fchne&#8220; und leitet dieses seit acht Jahren als Theaterp\u00e4dagogin. <a href=\"https:\/\/www.youtube.com\/watch?v=uxPF4-QE0MQ\" target=\"_blank\" rel=\"noopener\">Video<\/a> und\u00a0<a href=\"https:\/\/www.wawito.de\/\" target=\"_blank\" rel=\"noopener\">weitere Infos.<\/a> Auch das Kinder- und Jugendtheater-Projekt &#8222;Rix Kidz&#8220; wurde von ihr begr\u00fcndet. <a href=\"https:\/\/www.silentrixdorf.de\/\" target=\"_blank\" rel=\"noopener\">Weitere Infos.<\/a><\/p><p>Des Weiteren ist sie aktiv in die kulturelle Szene in ihrer Heimat Neuk\u00f6lln involviert: Sie ist Mitveranstalterin zahlreicher kultureller Feste im Rixdorfer Kiez und hat die &#8222;Bunte Kiez Kiste&#8220; ins Leben gerufen &#8211; eine Zirkus-Spiel-Kiste f\u00fcr den Rixdorfer Kiez.\u00a0<a href=\"https:\/\/www.facebook.com\/silentrixdorfgarten\/videos\/wir-stellen-vor-die-bunte-kiez-kiste-spiel-spa%C3%9F-und-bewegung-f%C3%BCr-gro%C3%9F-und-kleind\/925130720152202\/\" target=\"_blank\" rel=\"noopener\">Weitere Infos. <\/a><\/p><p>Marie Faust verbindet k\u00fcnstlerische Tiefe mit menschlicher N\u00e4he \u2013 und schafft so ber\u00fchrende Momente und echte Verbindung. Sie\u00a0begeistert Jung und Alt \u2013 mit einem unverwechselbaren Mix aus Kreativit\u00e4t, Spiellust und echtem B\u00fchnenzauber.<\/p><p>\u00a0<\/p>\t\t\t\t\t\t\t\t<\/div>\n\t\t\t\t<\/div>\n\t\t\t\t\t<\/div>\n\t\t<\/div>\n\t\t\t\t\t<\/div>\n\t\t<\/section>\n\t\t\t\t<\/div>\n\t\t","protected":false},"excerpt":{"rendered":"<p>About mary Hinter Mary Love steht die Berliner K\u00fcnstlerin Marie Faust. Sie erschafft mit feinem Gesp\u00fcr f\u00fcr Menschen und Momente Shows, die verbinden \u2013 mal wild, mal poetisch, immer mit Herz.\u00a0 F\u00fcr Kinder, f\u00fcr Erwachsene, f\u00fcr alle, die sich gern verzaubern lassen. Ihre St\u00e4rke liegt besonders im lebendigen Austausch mit dem Publikum: Sie liebt den [&hellip;]<\/p>\n","protected":false},"author":1,"featured_media":0,"parent":0,"menu_order":0,"comment_status":"closed","ping_status":"closed","template":"elementor_canvas","meta":{"footnotes":""},"class_list":["post-644","page","type-page","status-publish","hentry"],"_links":{"self":[{"href":"https:\/\/marylove.de\/index.php\/wp-json\/wp\/v2\/pages\/644","targetHints":{"allow":["GET"]}}],"collection":[{"href":"https:\/\/marylove.de\/index.php\/wp-json\/wp\/v2\/pages"}],"about":[{"href":"https:\/\/marylove.de\/index.php\/wp-json\/wp\/v2\/types\/page"}],"author":[{"embeddable":true,"href":"https:\/\/marylove.de\/index.php\/wp-json\/wp\/v2\/users\/1"}],"replies":[{"embeddable":true,"href":"https:\/\/marylove.de\/index.php\/wp-json\/wp\/v2\/comments?post=644"}],"version-history":[{"count":31,"href":"https:\/\/marylove.de\/index.php\/wp-json\/wp\/v2\/pages\/644\/revisions"}],"predecessor-version":[{"id":1027,"href":"https:\/\/marylove.de\/index.php\/wp-json\/wp\/v2\/pages\/644\/revisions\/1027"}],"wp:attachment":[{"href":"https:\/\/marylove.de\/index.php\/wp-json\/wp\/v2\/media?parent=644"}],"curies":[{"name":"wp","href":"https:\/\/api.w.org\/{rel}","templated":true}]}}